{"id":65,"date":"2024-11-18T21:58:09","date_gmt":"2024-11-18T21:58:09","guid":{"rendered":"http:\/\/noclegilosice.pl\/?page_id=65"},"modified":"2024-11-18T22:50:13","modified_gmt":"2024-11-18T22:50:13","slug":"dojazd","status":"publish","type":"page","link":"https:\/\/noclegilosice.pl\/?page_id=65","title":{"rendered":"Dojazd"},"content":{"rendered":"\n<div class=\"wp-block-group alignfull is-layout-flow wp-container-core-group-is-layout-2 wp-block-group-is-layout-flow\" style=\"margin-top:0;margin-bottom:0\">\n<div class=\"wp-block-columns alignfull is-style-section-2 is-layout-flex wp-container-core-columns-is-layout-2 wp-block-columns-is-layout-flex\" style=\"padding-top:0;padding-bottom:0\">\n<div class=\"wp-block-column is-layout-flow wp-block-column-is-layout-flow\" style=\"flex-basis:50%\">\n<div class=\"wp-block-group is-vertical is-content-justification-stretch is-layout-flex wp-container-core-group-is-layout-1 wp-block-group-is-layout-flex\" style=\"min-height:33vh;padding-top:var(--wp--preset--spacing--50);padding-right:var(--wp--preset--spacing--50);padding-bottom:var(--wp--preset--spacing--50);padding-left:var(--wp--preset--spacing--50)\">\n<div class=\"wp-block-columns is-layout-flex wp-container-core-columns-is-layout-1 wp-block-columns-is-layout-flex\">\n<div class=\"wp-block-column is-layout-flow wp-block-column-is-layout-flow\" style=\"flex-basis:100%\">\n<center><iframe src=\"https:\/\/www.google.com\/maps\/embed?pb=!1m18!1m12!1m3!1d2444.6455231125874!2d22.725809077039063!3d52.213488958877086!2m3!1f0!2f0!3f0!3m2!1i1024!2i768!4f13.1!3m3!1m2!1s0x4721e77f82bda589%3A0x13699d8258a2635f!2sBankiet%20-%20noclegi!5e0!3m2!1spl!2spl!4v1699981466280!5m2!1spl!2spl\" width=\"500\" height=\"350\" style=\"border:0;\" allowfullscreen=\"\" loading=\"lazy\" referrerpolicy=\"no-referrer-when-downgrade\"><\/iframe>\n<\/div>\n<\/div>\n<\/div>\n<\/div>\n\n\n\n<div class=\"wp-block-column is-layout-flow wp-block-column-is-layout-flow\" style=\"flex-basis:50%\">\n<h2 class=\"wp-block-heading\"><strong>Kontakt<\/strong><\/h2>\n\n\n\n<p><strong>\u201eBankiet\u201d Firma Us\u0142ugowo Handlowa Janina Brygo\u0142a<\/strong><\/p>\n\n\n\n<p>ul. Bia\u0142ostocka 21, 08-200 \u0141osice<\/p>\n\n\n\n<p>tel.: (+48)&nbsp;<strong>607 532 516<\/strong><br>fax:&nbsp;<strong>83 357 35 91<\/strong><\/p>\n\n\n\n<p>e-mail:&nbsp;<strong><a href=\"mailto:janina.brygola@tlen.pl?subject=Kontakt%20ze%20strony%20BANKIET\">janina.brygola@tlen.pl<\/a><\/strong><\/p>\n<\/div>\n<\/div>\n<\/div>\n\n\n\n<p><\/p>\n","protected":false},"excerpt":{"rendered":"<p>Kontakt \u201eBankiet\u201d Firma Us\u0142ugowo Handlowa Janina Brygo\u0142a ul. Bia\u0142ostocka 21, 08-200 \u0141osice tel.: (+48)&nbsp;607 532 516fax:&nbsp;83 357 35 91 e-mail:&nbsp;janina.brygola@tlen.pl<\/p>\n","protected":false},"author":1,"featured_media":0,"parent":0,"menu_order":0,"comment_status":"closed","ping_status":"closed","template":"","meta":{"_themeisle_gutenberg_block_has_review":false,"footnotes":""},"class_list":["post-65","page","type-page","status-publish","hentry"],"_links":{"self":[{"href":"https:\/\/noclegilosice.pl\/index.php?rest_route=\/wp\/v2\/pages\/65","targetHints":{"allow":["GET"]}}],"collection":[{"href":"https:\/\/noclegilosice.pl\/index.php?rest_route=\/wp\/v2\/pages"}],"about":[{"href":"https:\/\/noclegilosice.pl\/index.php?rest_route=\/wp\/v2\/types\/page"}],"author":[{"embeddable":true,"href":"https:\/\/noclegilosice.pl\/index.php?rest_route=\/wp\/v2\/users\/1"}],"replies":[{"embeddable":true,"href":"https:\/\/noclegilosice.pl\/index.php?rest_route=%2Fwp%2Fv2%2Fcomments&post=65"}],"version-history":[{"count":2,"href":"https:\/\/noclegilosice.pl\/index.php?rest_route=\/wp\/v2\/pages\/65\/revisions"}],"predecessor-version":[{"id":107,"href":"https:\/\/noclegilosice.pl\/index.php?rest_route=\/wp\/v2\/pages\/65\/revisions\/107"}],"wp:attachment":[{"href":"https:\/\/noclegilosice.pl\/index.php?rest_route=%2Fwp%2Fv2%2Fmedia&parent=65"}],"curies":[{"name":"wp","href":"https:\/\/api.w.org\/{rel}","templated":true}]}}