{"id":35,"date":"2024-11-18T21:40:46","date_gmt":"2024-11-18T21:40:46","guid":{"rendered":"http:\/\/noclegilosice.pl\/?page_id=35"},"modified":"2024-11-19T16:59:11","modified_gmt":"2024-11-19T16:59:11","slug":"wesela-i-inne-przyjecia","status":"publish","type":"page","link":"https:\/\/noclegilosice.pl\/?page_id=35","title":{"rendered":"Wesela i inne przyj\u0119cia"},"content":{"rendered":"\n<div class=\"wp-block-group alignfull is-style-section-2 is-layout-constrained wp-block-group-is-layout-constrained\" style=\"margin-top:0;margin-bottom:0;padding-top:var(--wp--preset--spacing--60);padding-bottom:var(--wp--preset--spacing--60)\">\n<div class=\"wp-block-columns alignwide is-layout-flex wp-container-core-columns-is-layout-1 wp-block-columns-is-layout-flex\">\n<div class=\"wp-block-column is-layout-flow wp-block-column-is-layout-flow\" style=\"flex-basis:40%\">\n<figure class=\"wp-block-image size-full\"><img loading=\"lazy\" decoding=\"async\" width=\"902\" height=\"1600\" src=\"https:\/\/noclegilosice.pl\/wp-content\/uploads\/2024\/11\/9.jpg\" alt=\"\" class=\"wp-image-176\" srcset=\"https:\/\/noclegilosice.pl\/wp-content\/uploads\/2024\/11\/9.jpg 902w, https:\/\/noclegilosice.pl\/wp-content\/uploads\/2024\/11\/9-169x300.jpg 169w, https:\/\/noclegilosice.pl\/wp-content\/uploads\/2024\/11\/9-577x1024.jpg 577w, https:\/\/noclegilosice.pl\/wp-content\/uploads\/2024\/11\/9-768x1362.jpg 768w, https:\/\/noclegilosice.pl\/wp-content\/uploads\/2024\/11\/9-866x1536.jpg 866w\" sizes=\"auto, (max-width: 902px) 100vw, 902px\" \/><\/figure>\n\n\n\n<figure class=\"wp-block-gallery has-nested-images columns-default is-cropped wp-block-gallery-1 is-layout-flex wp-block-gallery-is-layout-flex\">\n<figure class=\"wp-block-image size-large\"><img loading=\"lazy\" decoding=\"async\" width=\"1024\" height=\"577\" src=\"https:\/\/noclegilosice.pl\/wp-content\/uploads\/2024\/11\/10-1024x577.jpg\" alt=\"\" class=\"wp-image-178\" srcset=\"https:\/\/noclegilosice.pl\/wp-content\/uploads\/2024\/11\/10-1024x577.jpg 1024w, https:\/\/noclegilosice.pl\/wp-content\/uploads\/2024\/11\/10-300x169.jpg 300w, https:\/\/noclegilosice.pl\/wp-content\/uploads\/2024\/11\/10-768x433.jpg 768w, https:\/\/noclegilosice.pl\/wp-content\/uploads\/2024\/11\/10-1536x866.jpg 1536w, https:\/\/noclegilosice.pl\/wp-content\/uploads\/2024\/11\/10.jpg 1600w\" sizes=\"auto, (max-width: 1024px) 100vw, 1024px\" \/><\/figure>\n<\/figure>\n<\/div>\n\n\n\n<div class=\"wp-block-column is-vertically-aligned-center is-layout-flow wp-container-core-column-is-layout-2 wp-block-column-is-layout-flow\" style=\"flex-basis:60%\">\n<h2 class=\"wp-block-heading has-xx-large-font-size\">Nasza sala bankietowa w \u0141osicach<\/h2>\n\n\n\n<p>to doskona\u0142e miejsce na zorganizowanie wesela lub innego przyj\u0119cia okoliczno\u015bciowego (poprawiny przyj\u0119cia weselnego, I komunia, chrzest, jubileusze, konsolacje, itd.) do 200 os\u00f3b. Organizujemy bale sylwestrowe, zabawy karnawa\u0142owe, zabawy andrzejkowe i wiele innych.<\/p>\n\n\n\n<p>Zapewniamy Pa\u0144stwu wysoki standard \u015bwiadczonych us\u0142ug oraz mi\u0142\u0105 obs\u0142ug\u0119. Wsp\u00f3\u0142pracujemy ze sprawdzonymi dostawcami oferuj\u0105cymi produkty i us\u0142ugi najwy\u017cszej jako\u015bci. Z przyjemno\u015bci\u0105 pomo\u017cemy Pa\u0144stwu w zorganizowaniu ka\u017cdego typu przyj\u0119cia, s\u0142u\u017c\u0105c rad\u0105 i zdobytym do\u015bwiadczeniem w szczeg\u00f3lno\u015bci w zakresie ustalenia menu i usytuowania go\u015bci.<\/p>\n<\/div>\n<\/div>\n<\/div>\n\n\n\n<div class=\"wp-block-group alignfull is-style-section-5 is-layout-constrained wp-block-group-is-layout-constrained\" style=\"margin-top:0;margin-bottom:0;padding-top:var(--wp--preset--spacing--50);padding-bottom:var(--wp--preset--spacing--50)\">\n<div class=\"wp-block-columns alignwide is-layout-flex wp-container-core-columns-is-layout-2 wp-block-columns-is-layout-flex\">\n<div class=\"wp-block-column is-vertically-aligned-center is-layout-flow wp-block-column-is-layout-flow\" style=\"flex-basis:50%\">\n<h2 class=\"wp-block-heading\">W obiekcie znajduj\u0105 si\u0119 miejsca noclegowe<\/h2>\n\n\n\n<p class=\"has-medium-font-size\">dla go\u015bci weselnych oraz specjalny pok\u00f3j przeznaczony dla M\u0142odej Pary, szczeg\u00f3\u0142owe informacje w tym zakresie znajdziecie Pa\u0144stwo w zak\u0142adce <strong>Noclegi<\/strong>.&nbsp;Na terenie posesji znajduje si\u0119 du\u017cy parking do dyspozycji go\u015bci.<\/p>\n<\/div>\n\n\n\n<div class=\"wp-block-column is-vertically-aligned-center is-layout-flow wp-block-column-is-layout-flow\" style=\"flex-basis:50%\">\n<figure class=\"wp-block-image size-full\"><img loading=\"lazy\" decoding=\"async\" width=\"800\" height=\"600\" src=\"https:\/\/noclegilosice.pl\/wp-content\/uploads\/2024\/11\/002-3-1.jpg\" alt=\"\" class=\"wp-image-38\" style=\"aspect-ratio:1;object-fit:cover\" srcset=\"https:\/\/noclegilosice.pl\/wp-content\/uploads\/2024\/11\/002-3-1.jpg 800w, https:\/\/noclegilosice.pl\/wp-content\/uploads\/2024\/11\/002-3-1-300x225.jpg 300w, https:\/\/noclegilosice.pl\/wp-content\/uploads\/2024\/11\/002-3-1-768x576.jpg 768w\" sizes=\"auto, (max-width: 800px) 100vw, 800px\" \/><\/figure>\n<\/div>\n<\/div>\n<\/div>\n\n\n\n<div class=\"wp-block-group alignfull is-style-section-1 is-layout-constrained wp-block-group-is-layout-constrained\" style=\"margin-top:0;margin-bottom:0;padding-top:var(--wp--preset--spacing--80);padding-bottom:var(--wp--preset--spacing--80)\">\n<h2 class=\"wp-block-heading has-text-align-center has-xx-large-font-size\"><strong>GALERIA<\/strong><\/h2>\n\n\n\n<div style=\"height:var(--wp--preset--spacing--30)\" aria-hidden=\"true\" class=\"wp-block-spacer\"><\/div>\n<\/div>\n\n\n\n<div class=\"wp-block-group alignfull is-layout-constrained wp-container-core-group-is-layout-4 wp-block-group-is-layout-constrained\" style=\"margin-top:0;margin-bottom:0;padding-top:var(--wp--preset--spacing--50);padding-bottom:var(--wp--preset--spacing--50)\">\n<figure class=\"wp-block-gallery has-nested-images columns-default is-cropped wp-block-gallery-2 is-layout-flex wp-block-gallery-is-layout-flex\">\n<figure class=\"wp-block-image size-medium\"><img loading=\"lazy\" decoding=\"async\" width=\"300\" height=\"225\" src=\"https:\/\/noclegilosice.pl\/wp-content\/uploads\/2024\/11\/001-1-2-300x225.jpg\" alt=\"\" class=\"wp-image-46\" srcset=\"https:\/\/noclegilosice.pl\/wp-content\/uploads\/2024\/11\/001-1-2-300x225.jpg 300w, https:\/\/noclegilosice.pl\/wp-content\/uploads\/2024\/11\/001-1-2-768x576.jpg 768w, https:\/\/noclegilosice.pl\/wp-content\/uploads\/2024\/11\/001-1-2.jpg 800w\" sizes=\"auto, (max-width: 300px) 100vw, 300px\" \/><\/figure>\n\n\n\n<figure class=\"wp-block-image size-medium\"><img loading=\"lazy\" decoding=\"async\" width=\"300\" height=\"225\" src=\"https:\/\/noclegilosice.pl\/wp-content\/uploads\/2024\/11\/001-2-3-300x225.jpg\" alt=\"\" class=\"wp-image-47\" srcset=\"https:\/\/noclegilosice.pl\/wp-content\/uploads\/2024\/11\/001-2-3-300x225.jpg 300w, https:\/\/noclegilosice.pl\/wp-content\/uploads\/2024\/11\/001-2-3-768x576.jpg 768w, https:\/\/noclegilosice.pl\/wp-content\/uploads\/2024\/11\/001-2-3.jpg 800w\" sizes=\"auto, (max-width: 300px) 100vw, 300px\" \/><\/figure>\n\n\n\n<figure class=\"wp-block-image size-medium\"><img loading=\"lazy\" decoding=\"async\" width=\"300\" height=\"225\" src=\"https:\/\/noclegilosice.pl\/wp-content\/uploads\/2024\/11\/002-1-2-300x225.jpg\" alt=\"\" class=\"wp-image-48\" srcset=\"https:\/\/noclegilosice.pl\/wp-content\/uploads\/2024\/11\/002-1-2-300x225.jpg 300w, https:\/\/noclegilosice.pl\/wp-content\/uploads\/2024\/11\/002-1-2-768x576.jpg 768w, https:\/\/noclegilosice.pl\/wp-content\/uploads\/2024\/11\/002-1-2.jpg 800w\" sizes=\"auto, (max-width: 300px) 100vw, 300px\" \/><\/figure>\n\n\n\n<figure class=\"wp-block-image size-medium\"><img loading=\"lazy\" decoding=\"async\" width=\"300\" height=\"225\" src=\"https:\/\/noclegilosice.pl\/wp-content\/uploads\/2024\/11\/002-2-3-300x225.jpg\" alt=\"\" class=\"wp-image-49\" srcset=\"https:\/\/noclegilosice.pl\/wp-content\/uploads\/2024\/11\/002-2-3-300x225.jpg 300w, https:\/\/noclegilosice.pl\/wp-content\/uploads\/2024\/11\/002-2-3-768x576.jpg 768w, https:\/\/noclegilosice.pl\/wp-content\/uploads\/2024\/11\/002-2-3.jpg 800w\" sizes=\"auto, (max-width: 300px) 100vw, 300px\" \/><\/figure>\n\n\n\n<figure class=\"wp-block-image size-medium\"><img loading=\"lazy\" decoding=\"async\" width=\"300\" height=\"225\" src=\"https:\/\/noclegilosice.pl\/wp-content\/uploads\/2024\/11\/003-2-2-300x225.jpg\" alt=\"\" class=\"wp-image-51\" srcset=\"https:\/\/noclegilosice.pl\/wp-content\/uploads\/2024\/11\/003-2-2-300x225.jpg 300w, https:\/\/noclegilosice.pl\/wp-content\/uploads\/2024\/11\/003-2-2-768x576.jpg 768w, https:\/\/noclegilosice.pl\/wp-content\/uploads\/2024\/11\/003-2-2.jpg 800w\" sizes=\"auto, (max-width: 300px) 100vw, 300px\" \/><\/figure>\n\n\n\n<figure class=\"wp-block-image size-medium\"><img loading=\"lazy\" decoding=\"async\" width=\"300\" height=\"225\" src=\"https:\/\/noclegilosice.pl\/wp-content\/uploads\/2024\/11\/006-2-2-300x225.jpg\" alt=\"\" class=\"wp-image-50\" srcset=\"https:\/\/noclegilosice.pl\/wp-content\/uploads\/2024\/11\/006-2-2-300x225.jpg 300w, https:\/\/noclegilosice.pl\/wp-content\/uploads\/2024\/11\/006-2-2-768x576.jpg 768w, https:\/\/noclegilosice.pl\/wp-content\/uploads\/2024\/11\/006-2-2.jpg 800w\" sizes=\"auto, (max-width: 300px) 100vw, 300px\" \/><\/figure>\n\n\n\n<figure class=\"wp-block-image size-medium\"><img loading=\"lazy\" decoding=\"async\" width=\"225\" height=\"300\" src=\"https:\/\/noclegilosice.pl\/wp-content\/uploads\/2024\/11\/007-1-225x300.jpg\" alt=\"\" class=\"wp-image-54\" srcset=\"https:\/\/noclegilosice.pl\/wp-content\/uploads\/2024\/11\/007-1-225x300.jpg 225w, https:\/\/noclegilosice.pl\/wp-content\/uploads\/2024\/11\/007-1.jpg 600w\" sizes=\"auto, (max-width: 225px) 100vw, 225px\" \/><\/figure>\n\n\n\n<figure class=\"wp-block-image size-medium\"><img loading=\"lazy\" decoding=\"async\" width=\"300\" height=\"225\" src=\"https:\/\/noclegilosice.pl\/wp-content\/uploads\/2024\/11\/008-1-300x225.jpg\" alt=\"\" class=\"wp-image-53\" srcset=\"https:\/\/noclegilosice.pl\/wp-content\/uploads\/2024\/11\/008-1-300x225.jpg 300w, https:\/\/noclegilosice.pl\/wp-content\/uploads\/2024\/11\/008-1-768x576.jpg 768w, https:\/\/noclegilosice.pl\/wp-content\/uploads\/2024\/11\/008-1.jpg 800w\" sizes=\"auto, (max-width: 300px) 100vw, 300px\" \/><\/figure>\n\n\n\n<figure class=\"wp-block-image size-medium\"><img loading=\"lazy\" decoding=\"async\" width=\"300\" height=\"225\" src=\"https:\/\/noclegilosice.pl\/wp-content\/uploads\/2024\/11\/009-1-300x225.jpg\" alt=\"\" class=\"wp-image-52\" srcset=\"https:\/\/noclegilosice.pl\/wp-content\/uploads\/2024\/11\/009-1-300x225.jpg 300w, https:\/\/noclegilosice.pl\/wp-content\/uploads\/2024\/11\/009-1-768x576.jpg 768w, https:\/\/noclegilosice.pl\/wp-content\/uploads\/2024\/11\/009-1.jpg 800w\" sizes=\"auto, (max-width: 300px) 100vw, 300px\" \/><\/figure>\n\n\n\n<figure class=\"wp-block-image size-medium\"><img loading=\"lazy\" decoding=\"async\" width=\"225\" height=\"300\" src=\"https:\/\/noclegilosice.pl\/wp-content\/uploads\/2024\/11\/010-1-225x300.jpg\" alt=\"\" class=\"wp-image-55\" srcset=\"https:\/\/noclegilosice.pl\/wp-content\/uploads\/2024\/11\/010-1-225x300.jpg 225w, https:\/\/noclegilosice.pl\/wp-content\/uploads\/2024\/11\/010-1.jpg 600w\" sizes=\"auto, (max-width: 225px) 100vw, 225px\" \/><\/figure>\n\n\n\n<figure class=\"wp-block-image size-medium\"><img loading=\"lazy\" decoding=\"async\" width=\"300\" height=\"225\" src=\"https:\/\/noclegilosice.pl\/wp-content\/uploads\/2024\/11\/011-1-300x225.jpg\" alt=\"\" class=\"wp-image-57\" srcset=\"https:\/\/noclegilosice.pl\/wp-content\/uploads\/2024\/11\/011-1-300x225.jpg 300w, https:\/\/noclegilosice.pl\/wp-content\/uploads\/2024\/11\/011-1-768x576.jpg 768w, https:\/\/noclegilosice.pl\/wp-content\/uploads\/2024\/11\/011-1.jpg 800w\" sizes=\"auto, (max-width: 300px) 100vw, 300px\" \/><\/figure>\n\n\n\n<figure class=\"wp-block-image size-medium\"><img loading=\"lazy\" decoding=\"async\" width=\"300\" height=\"225\" src=\"https:\/\/noclegilosice.pl\/wp-content\/uploads\/2024\/11\/012-300x225.jpg\" alt=\"\" class=\"wp-image-56\" srcset=\"https:\/\/noclegilosice.pl\/wp-content\/uploads\/2024\/11\/012-300x225.jpg 300w, https:\/\/noclegilosice.pl\/wp-content\/uploads\/2024\/11\/012-768x576.jpg 768w, https:\/\/noclegilosice.pl\/wp-content\/uploads\/2024\/11\/012.jpg 800w\" sizes=\"auto, (max-width: 300px) 100vw, 300px\" \/><\/figure>\n\n\n\n<figure class=\"wp-block-image size-medium\"><img loading=\"lazy\" decoding=\"async\" width=\"225\" height=\"300\" src=\"https:\/\/noclegilosice.pl\/wp-content\/uploads\/2024\/11\/013-225x300.jpg\" alt=\"\" class=\"wp-image-59\" srcset=\"https:\/\/noclegilosice.pl\/wp-content\/uploads\/2024\/11\/013-225x300.jpg 225w, https:\/\/noclegilosice.pl\/wp-content\/uploads\/2024\/11\/013.jpg 600w\" sizes=\"auto, (max-width: 225px) 100vw, 225px\" \/><\/figure>\n\n\n\n<figure class=\"wp-block-image size-medium\"><img loading=\"lazy\" decoding=\"async\" width=\"300\" height=\"225\" src=\"https:\/\/noclegilosice.pl\/wp-content\/uploads\/2024\/11\/014-300x225.jpg\" alt=\"\" class=\"wp-image-58\" srcset=\"https:\/\/noclegilosice.pl\/wp-content\/uploads\/2024\/11\/014-300x225.jpg 300w, https:\/\/noclegilosice.pl\/wp-content\/uploads\/2024\/11\/014-768x576.jpg 768w, https:\/\/noclegilosice.pl\/wp-content\/uploads\/2024\/11\/014.jpg 800w\" sizes=\"auto, (max-width: 300px) 100vw, 300px\" \/><\/figure>\n<\/figure>\n<\/div>\n\n\n\n<aside class=\"wp-block-group alignfull is-style-section-3 is-layout-constrained wp-container-core-group-is-layout-6 wp-block-group-is-layout-constrained\" style=\"margin-top:0;margin-bottom:0;padding-top:var(--wp--preset--spacing--50);padding-right:var(--wp--preset--spacing--50);padding-bottom:var(--wp--preset--spacing--50);padding-left:var(--wp--preset--spacing--50)\">\n<div class=\"wp-block-group is-layout-constrained wp-block-group-is-layout-constrained\" style=\"min-height:360px;margin-top:0;margin-bottom:0\">\n<div style=\"height:20px\" aria-hidden=\"true\" class=\"wp-block-spacer\"><\/div>\n\n\n\n<div class=\"wp-block-buttons is-content-justification-center is-layout-flex wp-container-core-buttons-is-layout-1 wp-block-buttons-is-layout-flex\">\n<div class=\"wp-block-button\"><a class=\"wp-block-button__link has-text-align-center wp-element-button\" href=\"tel:607532516\">REZERWACJA TEL. <strong>607 532 516<\/strong><\/a><\/div>\n<\/div>\n\n\n\n<figure class=\"wp-block-gallery has-nested-images columns-default is-cropped wp-block-gallery-3 is-layout-flex wp-block-gallery-is-layout-flex\">\n<figure class=\"wp-block-image size-full\"><img loading=\"lazy\" decoding=\"async\" width=\"1600\" height=\"902\" src=\"https:\/\/noclegilosice.pl\/wp-content\/uploads\/2024\/11\/7.jpg\" alt=\"\" class=\"wp-image-175\" srcset=\"https:\/\/noclegilosice.pl\/wp-content\/uploads\/2024\/11\/7.jpg 1600w, https:\/\/noclegilosice.pl\/wp-content\/uploads\/2024\/11\/7-300x169.jpg 300w, https:\/\/noclegilosice.pl\/wp-content\/uploads\/2024\/11\/7-1024x577.jpg 1024w, https:\/\/noclegilosice.pl\/wp-content\/uploads\/2024\/11\/7-768x433.jpg 768w, https:\/\/noclegilosice.pl\/wp-content\/uploads\/2024\/11\/7-1536x866.jpg 1536w\" sizes=\"auto, (max-width: 1600px) 100vw, 1600px\" \/><\/figure>\n\n\n\n<figure class=\"wp-block-image size-large\"><img loading=\"lazy\" decoding=\"async\" width=\"577\" height=\"1024\" src=\"https:\/\/noclegilosice.pl\/wp-content\/uploads\/2024\/11\/9-577x1024.jpg\" alt=\"\" class=\"wp-image-176\" srcset=\"https:\/\/noclegilosice.pl\/wp-content\/uploads\/2024\/11\/9-577x1024.jpg 577w, https:\/\/noclegilosice.pl\/wp-content\/uploads\/2024\/11\/9-169x300.jpg 169w, https:\/\/noclegilosice.pl\/wp-content\/uploads\/2024\/11\/9-768x1362.jpg 768w, https:\/\/noclegilosice.pl\/wp-content\/uploads\/2024\/11\/9-866x1536.jpg 866w, https:\/\/noclegilosice.pl\/wp-content\/uploads\/2024\/11\/9.jpg 902w\" sizes=\"auto, (max-width: 577px) 100vw, 577px\" \/><\/figure>\n\n\n\n<figure class=\"wp-block-image size-large\"><img loading=\"lazy\" decoding=\"async\" width=\"577\" height=\"1024\" src=\"https:\/\/noclegilosice.pl\/wp-content\/uploads\/2024\/11\/8-577x1024.jpg\" alt=\"\" class=\"wp-image-177\" srcset=\"https:\/\/noclegilosice.pl\/wp-content\/uploads\/2024\/11\/8-577x1024.jpg 577w, https:\/\/noclegilosice.pl\/wp-content\/uploads\/2024\/11\/8-169x300.jpg 169w, https:\/\/noclegilosice.pl\/wp-content\/uploads\/2024\/11\/8-768x1362.jpg 768w, https:\/\/noclegilosice.pl\/wp-content\/uploads\/2024\/11\/8-866x1536.jpg 866w, https:\/\/noclegilosice.pl\/wp-content\/uploads\/2024\/11\/8.jpg 902w\" sizes=\"auto, (max-width: 577px) 100vw, 577px\" \/><\/figure>\n\n\n\n<figure class=\"wp-block-image size-large\"><img loading=\"lazy\" decoding=\"async\" width=\"1024\" height=\"577\" src=\"https:\/\/noclegilosice.pl\/wp-content\/uploads\/2024\/11\/10-1024x577.jpg\" alt=\"\" class=\"wp-image-178\" srcset=\"https:\/\/noclegilosice.pl\/wp-content\/uploads\/2024\/11\/10-1024x577.jpg 1024w, https:\/\/noclegilosice.pl\/wp-content\/uploads\/2024\/11\/10-300x169.jpg 300w, https:\/\/noclegilosice.pl\/wp-content\/uploads\/2024\/11\/10-768x433.jpg 768w, https:\/\/noclegilosice.pl\/wp-content\/uploads\/2024\/11\/10-1536x866.jpg 1536w, https:\/\/noclegilosice.pl\/wp-content\/uploads\/2024\/11\/10.jpg 1600w\" sizes=\"auto, (max-width: 1024px) 100vw, 1024px\" \/><\/figure>\n\n\n\n<figure class=\"wp-block-image size-large\"><img loading=\"lazy\" decoding=\"async\" width=\"1024\" height=\"577\" src=\"https:\/\/noclegilosice.pl\/wp-content\/uploads\/2024\/11\/11-1024x577.jpg\" alt=\"\" class=\"wp-image-179\" srcset=\"https:\/\/noclegilosice.pl\/wp-content\/uploads\/2024\/11\/11-1024x577.jpg 1024w, https:\/\/noclegilosice.pl\/wp-content\/uploads\/2024\/11\/11-300x169.jpg 300w, https:\/\/noclegilosice.pl\/wp-content\/uploads\/2024\/11\/11-768x433.jpg 768w, https:\/\/noclegilosice.pl\/wp-content\/uploads\/2024\/11\/11-1536x866.jpg 1536w, https:\/\/noclegilosice.pl\/wp-content\/uploads\/2024\/11\/11.jpg 1600w\" sizes=\"auto, (max-width: 1024px) 100vw, 1024px\" \/><\/figure>\n\n\n\n<figure class=\"wp-block-image size-large\"><img loading=\"lazy\" decoding=\"async\" width=\"577\" height=\"1024\" src=\"https:\/\/noclegilosice.pl\/wp-content\/uploads\/2024\/11\/3-577x1024.jpg\" alt=\"\" class=\"wp-image-169\" srcset=\"https:\/\/noclegilosice.pl\/wp-content\/uploads\/2024\/11\/3-577x1024.jpg 577w, https:\/\/noclegilosice.pl\/wp-content\/uploads\/2024\/11\/3-169x300.jpg 169w, https:\/\/noclegilosice.pl\/wp-content\/uploads\/2024\/11\/3-768x1362.jpg 768w, https:\/\/noclegilosice.pl\/wp-content\/uploads\/2024\/11\/3-866x1536.jpg 866w, https:\/\/noclegilosice.pl\/wp-content\/uploads\/2024\/11\/3.jpg 902w\" sizes=\"auto, (max-width: 577px) 100vw, 577px\" \/><\/figure>\n\n\n\n<figure class=\"wp-block-image size-large\"><img loading=\"lazy\" decoding=\"async\" width=\"1024\" height=\"577\" src=\"https:\/\/noclegilosice.pl\/wp-content\/uploads\/2024\/11\/1-1024x577.jpg\" alt=\"\" class=\"wp-image-170\" srcset=\"https:\/\/noclegilosice.pl\/wp-content\/uploads\/2024\/11\/1-1024x577.jpg 1024w, https:\/\/noclegilosice.pl\/wp-content\/uploads\/2024\/11\/1-300x169.jpg 300w, https:\/\/noclegilosice.pl\/wp-content\/uploads\/2024\/11\/1-768x433.jpg 768w, https:\/\/noclegilosice.pl\/wp-content\/uploads\/2024\/11\/1-1536x866.jpg 1536w, https:\/\/noclegilosice.pl\/wp-content\/uploads\/2024\/11\/1.jpg 1600w\" sizes=\"auto, (max-width: 1024px) 100vw, 1024px\" \/><\/figure>\n\n\n\n<figure class=\"wp-block-image size-large\"><img loading=\"lazy\" decoding=\"async\" width=\"577\" height=\"1024\" src=\"https:\/\/noclegilosice.pl\/wp-content\/uploads\/2024\/11\/5-577x1024.jpg\" alt=\"\" class=\"wp-image-171\" srcset=\"https:\/\/noclegilosice.pl\/wp-content\/uploads\/2024\/11\/5-577x1024.jpg 577w, https:\/\/noclegilosice.pl\/wp-content\/uploads\/2024\/11\/5-169x300.jpg 169w, https:\/\/noclegilosice.pl\/wp-content\/uploads\/2024\/11\/5-768x1362.jpg 768w, https:\/\/noclegilosice.pl\/wp-content\/uploads\/2024\/11\/5-866x1536.jpg 866w, https:\/\/noclegilosice.pl\/wp-content\/uploads\/2024\/11\/5.jpg 902w\" sizes=\"auto, (max-width: 577px) 100vw, 577px\" \/><\/figure>\n\n\n\n<figure class=\"wp-block-image size-large\"><img loading=\"lazy\" decoding=\"async\" width=\"902\" height=\"1600\" src=\"https:\/\/noclegilosice.pl\/wp-content\/uploads\/2024\/11\/4-577x1024.jpg\" alt=\"\" class=\"wp-image-172\" srcset=\"https:\/\/noclegilosice.pl\/wp-content\/uploads\/2024\/11\/4-577x1024.jpg 577w, https:\/\/noclegilosice.pl\/wp-content\/uploads\/2024\/11\/4-169x300.jpg 169w, https:\/\/noclegilosice.pl\/wp-content\/uploads\/2024\/11\/4-768x1362.jpg 768w, https:\/\/noclegilosice.pl\/wp-content\/uploads\/2024\/11\/4-866x1536.jpg 866w, https:\/\/noclegilosice.pl\/wp-content\/uploads\/2024\/11\/4.jpg 902w\" sizes=\"auto, (max-width: 902px) 100vw, 902px\" \/><\/figure>\n\n\n\n<figure class=\"wp-block-image size-large\"><img loading=\"lazy\" decoding=\"async\" width=\"577\" height=\"1024\" src=\"https:\/\/noclegilosice.pl\/wp-content\/uploads\/2024\/11\/2-1-577x1024.jpg\" alt=\"\" class=\"wp-image-173\" srcset=\"https:\/\/noclegilosice.pl\/wp-content\/uploads\/2024\/11\/2-1-577x1024.jpg 577w, https:\/\/noclegilosice.pl\/wp-content\/uploads\/2024\/11\/2-1-169x300.jpg 169w, https:\/\/noclegilosice.pl\/wp-content\/uploads\/2024\/11\/2-1-768x1362.jpg 768w, https:\/\/noclegilosice.pl\/wp-content\/uploads\/2024\/11\/2-1-866x1536.jpg 866w, https:\/\/noclegilosice.pl\/wp-content\/uploads\/2024\/11\/2-1.jpg 902w\" sizes=\"auto, (max-width: 577px) 100vw, 577px\" \/><\/figure>\n\n\n\n<figure class=\"wp-block-image size-large\"><img loading=\"lazy\" decoding=\"async\" width=\"577\" height=\"1024\" src=\"https:\/\/noclegilosice.pl\/wp-content\/uploads\/2024\/11\/6-1-577x1024.jpg\" alt=\"\" class=\"wp-image-174\" srcset=\"https:\/\/noclegilosice.pl\/wp-content\/uploads\/2024\/11\/6-1-577x1024.jpg 577w, https:\/\/noclegilosice.pl\/wp-content\/uploads\/2024\/11\/6-1-169x300.jpg 169w, https:\/\/noclegilosice.pl\/wp-content\/uploads\/2024\/11\/6-1-768x1362.jpg 768w, https:\/\/noclegilosice.pl\/wp-content\/uploads\/2024\/11\/6-1-866x1536.jpg 866w, https:\/\/noclegilosice.pl\/wp-content\/uploads\/2024\/11\/6-1.jpg 902w\" sizes=\"auto, (max-width: 577px) 100vw, 577px\" \/><\/figure>\n\n\n\n<figure class=\"wp-block-image size-large\"><img loading=\"lazy\" decoding=\"async\" width=\"577\" height=\"1024\" src=\"https:\/\/noclegilosice.pl\/wp-content\/uploads\/2024\/11\/2-577x1024.jpg\" alt=\"\" class=\"wp-image-166\" srcset=\"https:\/\/noclegilosice.pl\/wp-content\/uploads\/2024\/11\/2-577x1024.jpg 577w, https:\/\/noclegilosice.pl\/wp-content\/uploads\/2024\/11\/2-169x300.jpg 169w, https:\/\/noclegilosice.pl\/wp-content\/uploads\/2024\/11\/2-768x1362.jpg 768w, https:\/\/noclegilosice.pl\/wp-content\/uploads\/2024\/11\/2-866x1536.jpg 866w, https:\/\/noclegilosice.pl\/wp-content\/uploads\/2024\/11\/2.jpg 902w\" sizes=\"auto, (max-width: 577px) 100vw, 577px\" \/><\/figure>\n<\/figure>\n<\/div>\n<\/aside>\n","protected":false},"excerpt":{"rendered":"<p>Nasza sala bankietowa w \u0141osicach to doskona\u0142e miejsce na zorganizowanie wesela lub innego przyj\u0119cia okoliczno\u015bciowego (poprawiny przyj\u0119cia weselnego, I komunia, chrzest, jubileusze, konsolacje, itd.) do 200 os\u00f3b. Organizujemy bale sylwestrowe, zabawy karnawa\u0142owe, zabawy andrzejkowe i wiele innych. Zapewniamy Pa\u0144stwu wysoki standard \u015bwiadczonych us\u0142ug oraz mi\u0142\u0105 obs\u0142ug\u0119. Wsp\u00f3\u0142pracujemy ze sprawdzonymi dostawcami oferuj\u0105cymi produkty i us\u0142ugi najwy\u017cszej [&hellip;]<\/p>\n","protected":false},"author":1,"featured_media":0,"parent":0,"menu_order":0,"comment_status":"closed","ping_status":"closed","template":"","meta":{"_themeisle_gutenberg_block_has_review":false,"footnotes":""},"class_list":["post-35","page","type-page","status-publish","hentry"],"_links":{"self":[{"href":"https:\/\/noclegilosice.pl\/index.php?rest_route=\/wp\/v2\/pages\/35","targetHints":{"allow":["GET"]}}],"collection":[{"href":"https:\/\/noclegilosice.pl\/index.php?rest_route=\/wp\/v2\/pages"}],"about":[{"href":"https:\/\/noclegilosice.pl\/index.php?rest_route=\/wp\/v2\/types\/page"}],"author":[{"embeddable":true,"href":"https:\/\/noclegilosice.pl\/index.php?rest_route=\/wp\/v2\/users\/1"}],"replies":[{"embeddable":true,"href":"https:\/\/noclegilosice.pl\/index.php?rest_route=%2Fwp%2Fv2%2Fcomments&post=35"}],"version-history":[{"count":13,"href":"https:\/\/noclegilosice.pl\/index.php?rest_route=\/wp\/v2\/pages\/35\/revisions"}],"predecessor-version":[{"id":188,"href":"https:\/\/noclegilosice.pl\/index.php?rest_route=\/wp\/v2\/pages\/35\/revisions\/188"}],"wp:attachment":[{"href":"https:\/\/noclegilosice.pl\/index.php?rest_route=%2Fwp%2Fv2%2Fmedia&parent=35"}],"curies":[{"name":"wp","href":"https:\/\/api.w.org\/{rel}","templated":true}]}}