{"id":3,"date":"2024-11-18T19:56:15","date_gmt":"2024-11-18T19:56:15","guid":{"rendered":"http:\/\/noclegilosice.pl\/?page_id=3"},"modified":"2024-11-18T22:45:58","modified_gmt":"2024-11-18T22:45:58","slug":"privacy-policy","status":"publish","type":"page","link":"https:\/\/noclegilosice.pl\/?page_id=3","title":{"rendered":"Polityka prywatno\u015bci"},"content":{"rendered":"\n<h2 class=\"wp-block-heading\">Ochrona prywatno\u015bci<\/h2>\n\n\n\n<p><a><\/a> Wszyscy u\u017cytkownicy&nbsp; maj\u0105 prawo do zachowania prywatno\u015bci i poufno\u015bci. Nie zabiegamy o identyfikacj\u0119 u\u017cytkownik\u00f3w. Informacje, kt\u00f3re s\u0105 zapisywane przez przegl\u0105dark\u0119 internetow\u0105 w postaci plik\u00f3w cookies i pobierane przez nasz serwer s\u0105 anonimowe.<\/p>\n\n\n\n<p>Zgodnie z ustaw\u0105 z dnia 16 listopada 2012 r i wprowadzonymi z dniem 22 marca zmianami, wyja\u015bniamy&nbsp; zasady oraz spos\u00f3b gromadzenia, przetwarzania oraz wykorzystywania informacji o u\u017cytkownikach naszego serwisu internetowego, zawartych w plikach cookies.<\/p>\n\n\n\n<p><br><strong>1. Pliki Cookies<\/strong><\/p>\n\n\n\n<p>Podczas wizyt na naszej stronie, na Pa\u0144stwa komputerze zapisywane s\u0105 fragmenty kodu zwane cookies (\u201eciasteczka\u201d), kt\u00f3re s\u0105 plikami tekstowymi odpowiadaj\u0105cymi zapytaniom HTTP kierowanym do naszego serwera. Stosowanie cookies to przyj\u0119ta praktyka wi\u0119kszo\u015bci serwis\u00f3w WWW. S\u0142u\u017c\u0105 one do zapewnienia optymalnej obs\u0142ugi Pa\u0144stwa wizyty na stronie oraz umo\u017cliwiaj\u0105 szybszy i \u0142atwiejszy dost\u0119p do informacji.<\/p>\n\n\n\n<p>Pliki cookies&nbsp;<strong>nie s\u0142u\u017c\u0105 do przetwarzania danych osobowych, a ich zawarto\u015b\u0107 nie pozwala na identyfikacj\u0119 u\u017cytkownika, jego \u015bledzenie czy nawigacj\u0119.&nbsp;<\/strong>Przechowywana informacja lub uzyskiwanie do niej dost\u0119pu nie powoduje zmian konfiguracyjnych w Pa\u0144stwa urz\u0105dzeniu i oprogramowaniu na nim zainstalowanym.<\/p>\n\n\n\n<p>Je\u015bli nie zgadzasz si\u0119 zapisywanie i odbieranie informacji w plikach cookies, mo\u017cesz zmieni\u0107 zasady dotycz\u0105ce cookies<strong>&nbsp;za pomoc\u0105 ustawie\u0144 swojej przegl\u0105darki internetowej.<\/strong><\/p>\n\n\n\n<p>W przypadku wy\u0142\u0105czenia funkcji cookies, niekt\u00f3re elementy witryny internetowej mog\u0105 by\u0107 niedost\u0119pne.<\/p>\n\n\n\n<p><strong>2. Gromadzenie danych<\/strong><\/p>\n\n\n\n<p>Dane gromadzone w plikach cookies to standardowe informacje takie jak:<br>&#8211; publiczny adres IP z kt\u00f3rego przegl\u0105dana jest tre\u015b\u0107 na naszej stronie,<br>&#8211; czas nadej\u015bcia zapytania,<br>&#8211; czas wys\u0142ania odpowiedzi,<br>&#8211; nazwa stacji klienta \u2013 identyfikacja realizowana przez protok\u00f3\u0142 HTTP,<br>&#8211; informacje o b\u0142\u0119dach jakie nast\u0105pi\u0142y przy realizacji HTTP,<br>&#8211; adres URL strony poprzednio odwiedzanej przez u\u017cytkownika (referer link), w przypadku gdy przej\u015bcie do naszej strony nast\u0105pi\u0142o przez odno\u015bnik,<br>&#8211; informacje o przegl\u0105darce u\u017cytkownika.<\/p>\n\n\n\n<p><strong>3. Wykorzystywanie danych<\/strong><\/p>\n\n\n\n<p>Ta strona u\u017cywa Google Analytics oraz innych narz\u0119dzi analitycznych, kt\u00f3re pomagaj\u0105 w okazjonalnym badaniu, jak u\u017cytkownicy korzystaj\u0105 z tej witryny. Narz\u0119dzia te wykorzystuj\u0105 pliki cookies, w celu zbierania standardowych informacji wymienionych powy\u017cej. Dane te s\u0105 ca\u0142kowicie anonimowe. Ciasteczka nie mog\u0105 by\u0107 wykorzystywane do pozyskania danych z Twojego twardego dysku, Twojego adresu e-mail, czy te\u017c dotycz\u0105cych Ciebie danych osobowych. Dane te nie s\u0105 udost\u0119pniane osobom trzecim.<\/p>\n","protected":false},"excerpt":{"rendered":"<p>Ochrona prywatno\u015bci Wszyscy u\u017cytkownicy&nbsp; maj\u0105 prawo do zachowania prywatno\u015bci i poufno\u015bci. Nie zabiegamy o identyfikacj\u0119 u\u017cytkownik\u00f3w. Informacje, kt\u00f3re s\u0105 zapisywane przez przegl\u0105dark\u0119 internetow\u0105 w postaci plik\u00f3w cookies i pobierane przez nasz serwer s\u0105 anonimowe. Zgodnie z ustaw\u0105 z dnia 16 listopada 2012 r i wprowadzonymi z dniem 22 marca zmianami, wyja\u015bniamy&nbsp; zasady oraz spos\u00f3b gromadzenia, [&hellip;]<\/p>\n","protected":false},"author":1,"featured_media":0,"parent":0,"menu_order":0,"comment_status":"closed","ping_status":"open","template":"","meta":{"_themeisle_gutenberg_block_has_review":false,"footnotes":""},"class_list":["post-3","page","type-page","status-publish","hentry"],"_links":{"self":[{"href":"https:\/\/noclegilosice.pl\/index.php?rest_route=\/wp\/v2\/pages\/3","targetHints":{"allow":["GET"]}}],"collection":[{"href":"https:\/\/noclegilosice.pl\/index.php?rest_route=\/wp\/v2\/pages"}],"about":[{"href":"https:\/\/noclegilosice.pl\/index.php?rest_route=\/wp\/v2\/types\/page"}],"author":[{"embeddable":true,"href":"https:\/\/noclegilosice.pl\/index.php?rest_route=\/wp\/v2\/users\/1"}],"replies":[{"embeddable":true,"href":"https:\/\/noclegilosice.pl\/index.php?rest_route=%2Fwp%2Fv2%2Fcomments&post=3"}],"version-history":[{"count":2,"href":"https:\/\/noclegilosice.pl\/index.php?rest_route=\/wp\/v2\/pages\/3\/revisions"}],"predecessor-version":[{"id":103,"href":"https:\/\/noclegilosice.pl\/index.php?rest_route=\/wp\/v2\/pages\/3\/revisions\/103"}],"wp:attachment":[{"href":"https:\/\/noclegilosice.pl\/index.php?rest_route=%2Fwp%2Fv2%2Fmedia&parent=3"}],"curies":[{"name":"wp","href":"https:\/\/api.w.org\/{rel}","templated":true}]}}