{"id":12,"date":"2024-11-18T21:20:59","date_gmt":"2024-11-18T21:20:59","guid":{"rendered":"http:\/\/noclegilosice.pl\/?page_id=12"},"modified":"2024-11-19T09:03:42","modified_gmt":"2024-11-19T09:03:42","slug":"wynajem-sali","status":"publish","type":"page","link":"https:\/\/noclegilosice.pl\/?page_id=12","title":{"rendered":"Wynajem sali"},"content":{"rendered":"\n<div class=\"wp-block-group alignfull is-layout-constrained wp-block-group-is-layout-constrained\" style=\"margin-top:0;margin-bottom:0;padding-top:var(--wp--preset--spacing--50);padding-bottom:var(--wp--preset--spacing--50)\">\n<div class=\"wp-block-columns alignwide is-layout-flex wp-container-core-columns-is-layout-1 wp-block-columns-is-layout-flex\">\n<div class=\"wp-block-column is-layout-flow wp-block-column-is-layout-flow\" style=\"flex-basis:56%\">\n<figure class=\"wp-block-image size-full\"><img loading=\"lazy\" decoding=\"async\" width=\"800\" height=\"600\" src=\"http:\/\/noclegilosice.pl\/wp-content\/uploads\/2024\/11\/001-2.jpg\" alt=\"\" class=\"wp-image-14\" style=\"aspect-ratio:1;object-fit:cover\" srcset=\"https:\/\/noclegilosice.pl\/wp-content\/uploads\/2024\/11\/001-2.jpg 800w, https:\/\/noclegilosice.pl\/wp-content\/uploads\/2024\/11\/001-2-300x225.jpg 300w, https:\/\/noclegilosice.pl\/wp-content\/uploads\/2024\/11\/001-2-768x576.jpg 768w\" sizes=\"auto, (max-width: 800px) 100vw, 800px\" \/><\/figure>\n<\/div>\n\n\n\n<div class=\"wp-block-column is-vertically-aligned-center is-layout-flow wp-container-core-column-is-layout-2 wp-block-column-is-layout-flow\">\n<p>W naszym obiekcie istnieje mo\u017cliwo\u015b\u0107 wynaj\u0119cia sali bankietowej lub sali konferencyjnej w celu samodzielnego zorganizowania dowolnego przyj\u0119cia, szkolenia czy te\u017c konferencji. Oferujemy Pa\u0144stwu wynajem na atrakcyjnych warunkach nast\u0119puj\u0105cych sal:<\/p>\n\n\n\n<ul class=\"wp-block-list\">\n<li>bankietowej wraz z w pe\u0142ni wyposa\u017con\u0105 przemys\u0142ow\u0105 kuchni\u0105 pozwalaj\u0105c\u0105 na zorganizowanie przyj\u0119cia do 200 os\u00f3b<\/li>\n\n\n\n<li>konferencyjnej na 30 os\u00f3b, jest to przestronnej i cicha sala o kameralnym wystroju.<\/li>\n<\/ul>\n\n\n\n<div class=\"wp-block-buttons is-layout-flex wp-block-buttons-is-layout-flex\">\n<div class=\"wp-block-button\"><a class=\"wp-block-button__link wp-element-button\" href=\"tel:607532516\">Rezerwuj tel. <strong>607 532 516<\/strong>  <\/a><\/div>\n<\/div>\n<\/div>\n<\/div>\n<\/div>\n\n\n\n<div class=\"wp-block-group alignfull is-layout-constrained wp-block-group-is-layout-constrained\" style=\"margin-top:0;margin-bottom:0;padding-top:var(--wp--preset--spacing--50);padding-bottom:var(--wp--preset--spacing--50)\">\n<div class=\"wp-block-group alignwide is-layout-grid wp-container-core-group-is-layout-4 wp-block-group-is-layout-grid\">\n<div class=\"wp-block-group is-style-section-3 is-layout-constrained wp-block-group-is-layout-constrained\" style=\"min-height:297px\">\n<div class=\"wp-block-group is-vertical is-content-justification-center is-layout-flex wp-container-core-group-is-layout-2 wp-block-group-is-layout-flex\" style=\"min-height:100%\">\n<h2 class=\"wp-block-heading is-style-text-subtitle has-large-font-size\"><strong>GALERIA<\/strong><\/h2>\n<\/div>\n<\/div>\n\n\n\n<figure class=\"wp-block-image size-full\"><img loading=\"lazy\" decoding=\"async\" width=\"800\" height=\"600\" src=\"http:\/\/noclegilosice.pl\/wp-content\/uploads\/2024\/11\/002-2-1.jpg\" alt=\"\" class=\"wp-image-16\" style=\"aspect-ratio:1;object-fit:cover\" srcset=\"https:\/\/noclegilosice.pl\/wp-content\/uploads\/2024\/11\/002-2-1.jpg 800w, https:\/\/noclegilosice.pl\/wp-content\/uploads\/2024\/11\/002-2-1-300x225.jpg 300w, https:\/\/noclegilosice.pl\/wp-content\/uploads\/2024\/11\/002-2-1-768x576.jpg 768w\" sizes=\"auto, (max-width: 800px) 100vw, 800px\" \/><\/figure>\n\n\n\n<figure class=\"wp-block-image size-full\"><img loading=\"lazy\" decoding=\"async\" width=\"800\" height=\"600\" src=\"http:\/\/noclegilosice.pl\/wp-content\/uploads\/2024\/11\/001-2-1.jpg\" alt=\"\" class=\"wp-image-18\" style=\"aspect-ratio:1;object-fit:cover\" srcset=\"https:\/\/noclegilosice.pl\/wp-content\/uploads\/2024\/11\/001-2-1.jpg 800w, https:\/\/noclegilosice.pl\/wp-content\/uploads\/2024\/11\/001-2-1-300x225.jpg 300w, https:\/\/noclegilosice.pl\/wp-content\/uploads\/2024\/11\/001-2-1-768x576.jpg 768w\" sizes=\"auto, (max-width: 800px) 100vw, 800px\" \/><\/figure>\n\n\n\n<figure class=\"wp-block-image size-full\"><img loading=\"lazy\" decoding=\"async\" width=\"800\" height=\"600\" src=\"http:\/\/noclegilosice.pl\/wp-content\/uploads\/2024\/11\/003-2.jpg\" alt=\"\" class=\"wp-image-19\" style=\"aspect-ratio:1;object-fit:cover\" srcset=\"https:\/\/noclegilosice.pl\/wp-content\/uploads\/2024\/11\/003-2.jpg 800w, https:\/\/noclegilosice.pl\/wp-content\/uploads\/2024\/11\/003-2-300x225.jpg 300w, https:\/\/noclegilosice.pl\/wp-content\/uploads\/2024\/11\/003-2-768x576.jpg 768w\" sizes=\"auto, (max-width: 800px) 100vw, 800px\" \/><\/figure>\n\n\n\n<figure class=\"wp-block-image size-full\"><img loading=\"lazy\" decoding=\"async\" width=\"800\" height=\"600\" src=\"http:\/\/noclegilosice.pl\/wp-content\/uploads\/2024\/11\/004-2.jpg\" alt=\"\" class=\"wp-image-20\" style=\"aspect-ratio:1;object-fit:cover\" srcset=\"https:\/\/noclegilosice.pl\/wp-content\/uploads\/2024\/11\/004-2.jpg 800w, https:\/\/noclegilosice.pl\/wp-content\/uploads\/2024\/11\/004-2-300x225.jpg 300w, https:\/\/noclegilosice.pl\/wp-content\/uploads\/2024\/11\/004-2-768x576.jpg 768w\" sizes=\"auto, (max-width: 800px) 100vw, 800px\" \/><\/figure>\n\n\n\n<figure class=\"wp-block-image size-full\"><img loading=\"lazy\" decoding=\"async\" width=\"800\" height=\"600\" src=\"http:\/\/noclegilosice.pl\/wp-content\/uploads\/2024\/11\/005-2.jpg\" alt=\"\" class=\"wp-image-21\" style=\"aspect-ratio:1;object-fit:cover\" srcset=\"https:\/\/noclegilosice.pl\/wp-content\/uploads\/2024\/11\/005-2.jpg 800w, https:\/\/noclegilosice.pl\/wp-content\/uploads\/2024\/11\/005-2-300x225.jpg 300w, https:\/\/noclegilosice.pl\/wp-content\/uploads\/2024\/11\/005-2-768x576.jpg 768w\" sizes=\"auto, (max-width: 800px) 100vw, 800px\" \/><\/figure>\n\n\n\n<figure class=\"wp-block-image size-full wp-container-content-1\"><img loading=\"lazy\" decoding=\"async\" width=\"800\" height=\"600\" src=\"http:\/\/noclegilosice.pl\/wp-content\/uploads\/2024\/11\/006-2.jpg\" alt=\"\" class=\"wp-image-22\" style=\"aspect-ratio:1;object-fit:cover\" srcset=\"https:\/\/noclegilosice.pl\/wp-content\/uploads\/2024\/11\/006-2.jpg 800w, https:\/\/noclegilosice.pl\/wp-content\/uploads\/2024\/11\/006-2-300x225.jpg 300w, https:\/\/noclegilosice.pl\/wp-content\/uploads\/2024\/11\/006-2-768x576.jpg 768w\" sizes=\"auto, (max-width: 800px) 100vw, 800px\" \/><\/figure>\n\n\n\n<figure class=\"wp-block-image size-full\"><img loading=\"lazy\" decoding=\"async\" width=\"800\" height=\"600\" src=\"http:\/\/noclegilosice.pl\/wp-content\/uploads\/2024\/11\/001-1.jpg\" alt=\"\" class=\"wp-image-23\" style=\"aspect-ratio:1;object-fit:cover\" srcset=\"https:\/\/noclegilosice.pl\/wp-content\/uploads\/2024\/11\/001-1.jpg 800w, https:\/\/noclegilosice.pl\/wp-content\/uploads\/2024\/11\/001-1-300x225.jpg 300w, https:\/\/noclegilosice.pl\/wp-content\/uploads\/2024\/11\/001-1-768x576.jpg 768w\" sizes=\"auto, (max-width: 800px) 100vw, 800px\" \/><\/figure>\n<\/div>\n<\/div>\n\n\n\n<p><\/p>\n","protected":false},"excerpt":{"rendered":"<p>W naszym obiekcie istnieje mo\u017cliwo\u015b\u0107 wynaj\u0119cia sali bankietowej lub sali konferencyjnej w celu samodzielnego zorganizowania dowolnego przyj\u0119cia, szkolenia czy te\u017c konferencji. Oferujemy Pa\u0144stwu wynajem na atrakcyjnych warunkach nast\u0119puj\u0105cych sal: GALERIA<\/p>\n","protected":false},"author":1,"featured_media":0,"parent":0,"menu_order":0,"comment_status":"closed","ping_status":"closed","template":"","meta":{"_themeisle_gutenberg_block_has_review":false,"footnotes":""},"class_list":["post-12","page","type-page","status-publish","hentry"],"_links":{"self":[{"href":"https:\/\/noclegilosice.pl\/index.php?rest_route=\/wp\/v2\/pages\/12","targetHints":{"allow":["GET"]}}],"collection":[{"href":"https:\/\/noclegilosice.pl\/index.php?rest_route=\/wp\/v2\/pages"}],"about":[{"href":"https:\/\/noclegilosice.pl\/index.php?rest_route=\/wp\/v2\/types\/page"}],"author":[{"embeddable":true,"href":"https:\/\/noclegilosice.pl\/index.php?rest_route=\/wp\/v2\/users\/1"}],"replies":[{"embeddable":true,"href":"https:\/\/noclegilosice.pl\/index.php?rest_route=%2Fwp%2Fv2%2Fcomments&post=12"}],"version-history":[{"count":3,"href":"https:\/\/noclegilosice.pl\/index.php?rest_route=\/wp\/v2\/pages\/12\/revisions"}],"predecessor-version":[{"id":152,"href":"https:\/\/noclegilosice.pl\/index.php?rest_route=\/wp\/v2\/pages\/12\/revisions\/152"}],"wp:attachment":[{"href":"https:\/\/noclegilosice.pl\/index.php?rest_route=%2Fwp%2Fv2%2Fmedia&parent=12"}],"curies":[{"name":"wp","href":"https:\/\/api.w.org\/{rel}","templated":true}]}}